{"id":16,"date":"2021-09-21T06:30:37","date_gmt":"2021-09-21T06:30:37","guid":{"rendered":"https:\/\/www.authorwebservices-vip.net\/gem\/BalboaPress\/796833\/?page_id=16"},"modified":"2022-01-06T03:03:27","modified_gmt":"2022-01-06T03:03:27","slug":"about-the-author","status":"publish","type":"page","link":"https:\/\/penpalfeathers.com\/es\/about-the-author\/","title":{"rendered":"SOBRE LA AUTORA"},"content":{"rendered":"<p><img loading=\"lazy\" decoding=\"async\" width=\"332\" height=\"383\" class=\"aligncenter size-full wp-image-152\" src=\"http:\/\/penpalfeathers.com\/wp-content\/uploads\/2021\/09\/author.jpg\" alt=\"\" srcset=\"https:\/\/penpalfeathers.com\/wp-content\/uploads\/2021\/09\/author.jpg 332w, https:\/\/penpalfeathers.com\/wp-content\/uploads\/2021\/09\/author-260x300.jpg 260w\" sizes=\"auto, (max-width: 332px) 100vw, 332px\" \/><strong>Paola Fonseca<\/strong> es una escritora y candidata a doctorado de origen costarricense. Despu\u00e9s de una exitosa carrera en derecho corporativo internacional, ahora trabaja para una organizaci\u00f3n sin fines de lucro. Ha publicado cuentos en dos antolog\u00edas bestseller. Su primera fotograf\u00eda con una gallina se tom\u00f3 en el jard\u00edn de su abuelita, junto al arbol de guayabas, cuando ten\u00eda dos a\u00f1os. Paola sonr\u00ede al recordar que ha estado en un camino espiritual toda su vida.<\/p>\n","protected":false},"excerpt":{"rendered":"<p>Paola Fonseca es una escritora y candidata a doctorado de origen costarricense. Despu\u00e9s de una exitosa carrera en derecho corporativo internacional, ahora trabaja para una organizaci\u00f3n sin fines de lucro. Ha publicado cuentos en dos antolog\u00edas bestseller. Su&#8230; <a class=\"read-more\" href=\"https:\/\/penpalfeathers.com\/es\/about-the-author\/\">Read More<\/a><\/p>\n","protected":false},"author":5,"featured_media":0,"parent":0,"menu_order":0,"comment_status":"closed","ping_status":"closed","template":"","meta":{"footnotes":""},"class_list":["post-16","page","type-page","status-publish","hentry"],"translation":{"provider":"WPGlobus","version":"3.0.2","language":"es","enabled_languages":["en","es"],"languages":{"en":{"title":true,"content":true,"excerpt":false},"es":{"title":true,"content":true,"excerpt":false}}},"aioseo_notices":[],"_links":{"self":[{"href":"https:\/\/penpalfeathers.com\/es\/wp-json\/wp\/v2\/pages\/16","targetHints":{"allow":["GET"]}}],"collection":[{"href":"https:\/\/penpalfeathers.com\/es\/wp-json\/wp\/v2\/pages"}],"about":[{"href":"https:\/\/penpalfeathers.com\/es\/wp-json\/wp\/v2\/types\/page"}],"author":[{"embeddable":true,"href":"https:\/\/penpalfeathers.com\/es\/wp-json\/wp\/v2\/users\/5"}],"replies":[{"embeddable":true,"href":"https:\/\/penpalfeathers.com\/es\/wp-json\/wp\/v2\/comments?post=16"}],"version-history":[{"count":6,"href":"https:\/\/penpalfeathers.com\/es\/wp-json\/wp\/v2\/pages\/16\/revisions"}],"predecessor-version":[{"id":575,"href":"https:\/\/penpalfeathers.com\/es\/wp-json\/wp\/v2\/pages\/16\/revisions\/575"}],"wp:attachment":[{"href":"https:\/\/penpalfeathers.com\/es\/wp-json\/wp\/v2\/media?parent=16"}],"curies":[{"name":"wp","href":"https:\/\/api.w.org\/{rel}","templated":true}]}}