{"id":24,"date":"2021-09-23T07:00:54","date_gmt":"2021-09-23T07:00:54","guid":{"rendered":"https:\/\/www.authorwebservices-vip.net\/gem\/BalboaPress\/796833\/?page_id=24"},"modified":"2023-08-08T16:12:39","modified_gmt":"2023-08-08T16:12:39","slug":"home","status":"publish","type":"page","link":"https:\/\/penpalfeathers.com\/es\/","title":{"rendered":"INICIO"},"content":{"rendered":"<p><img loading=\"lazy\" decoding=\"async\" width=\"1978\" height=\"2560\" class=\"aligncenter size-full wp-image-367\" src=\"http:\/\/penpalfeathers.com\/wp-content\/uploads\/2021\/12\/Eight-scaled.jpg\" alt=\"\" srcset=\"https:\/\/penpalfeathers.com\/wp-content\/uploads\/2021\/12\/Eight-scaled.jpg 1978w, https:\/\/penpalfeathers.com\/wp-content\/uploads\/2021\/12\/Eight-232x300.jpg 232w, https:\/\/penpalfeathers.com\/wp-content\/uploads\/2021\/12\/Eight-791x1024.jpg 791w, https:\/\/penpalfeathers.com\/wp-content\/uploads\/2021\/12\/Eight-768x994.jpg 768w, https:\/\/penpalfeathers.com\/wp-content\/uploads\/2021\/12\/Eight-1187x1536.jpg 1187w, https:\/\/penpalfeathers.com\/wp-content\/uploads\/2021\/12\/Eight-1583x2048.jpg 1583w, https:\/\/penpalfeathers.com\/wp-content\/uploads\/2021\/12\/Eight-1391x1800.jpg 1391w, https:\/\/penpalfeathers.com\/wp-content\/uploads\/2021\/12\/Eight-927x1200.jpg 927w, https:\/\/penpalfeathers.com\/wp-content\/uploads\/2021\/12\/Eight-495x640.jpg 495w, https:\/\/penpalfeathers.com\/wp-content\/uploads\/2021\/12\/Eight-1320x1708.jpg 1320w\" sizes=\"auto, (max-width: 1978px) 100vw, 1978px\" \/><\/p>\n<h1 style=\"text-align: center;\"><strong>Nueva novela epistolar narra una historia multigeneracional acerca del prop\u00f3sito de la vida<\/strong><\/h1>\n<p style=\"text-align: center;\"><em>Paola Fonseca anuncia el lanzamiento de &#8216;Plumas por Correspondencia&#8217;<\/em><\/p>\n<p>COSTA RICA &#8211; Un tejido de experiencias de vida, personales y espirituales, la novela epistolar de Paola Fonseca, &#8220;Plumas por Correspondencia&#8221; (publicada por Balboa Press), revela la historia de una familia costarricense cuando una abuela escribe una serie de cartas a su nieta para ayudarla a recuperarse de una gran p\u00e9rdida.<\/p>\n<p>Una narrativa poderosa salpicada de realismo m\u00e1gico y un libro de ense\u00f1anzas consientes, el libro originalmente fue escrito en ingles con el titulo &#8220;Pen Pal Feathers&#8221; e ilustra c\u00f3mo el amor familiar duradero puede impulsar a uno a seguir adelante. Para comprar una copia, visite este link <a href=\"https:\/\/www.libreriainternacional.com\/catalogsearch\/result\/?q=plumes+por+correspondencia\">Librer\u00eda Internacional<\/a><\/p>\n<p>Arabella Gallina, una abuela, lucha contra el tiempo mientras prepara la mudanza de la centenaria casa de plantaci\u00f3n cafetalera de su familia en Costa Rica. Al recibir la visita de su hijo James, descubre que su nieta, Isabella (Feather), enfrenta sus propios desaf\u00edos en la lejana Inglaterra. A rega\u00f1adientes en un principio, Arabella inicia una correspondencia con su nieta que eventualmente permitir\u00e1 a ambas hacer frente al inevitable dolor que la vida trae.<\/p>\n<p>\u201cEl libro trata sobre una familia cuyo apellido es Gallina (<em>Hen<\/em> en ingl\u00e9s) y usa una met\u00e1fora de c\u00f3mo las gallinas pueden volar, pero solo lo hacen cuando hay peligro, de lo contrario est\u00e1n en &#8216;modo de vida como siempre&#8217;\u201d, la autora nos dice &#8220;Se trata de c\u00f3mo los miembros de la familia y el personaje principal recordaron el valor de agitar sus alas y confiar en que Dios les proporcionar\u00eda el aire para que pudieran volar y regresar sanos y salvos&#8221;.<\/p>\n<p><a class=\"button\" title=\"ABOUT THE BOOK\" href=\"http:\/\/penpalfeathers.com\/about-the-book\/\">Leer m\u00e1s<\/a> <a class=\"button\" title=\"Buy the Book\" href=\"http:\/\/penpalfeathers.com\/buy-the-book\/\">COMPRAR EL LIBRO<\/a><\/p>\n","protected":false},"excerpt":{"rendered":"<p>Nueva novela epistolar narra una historia multigeneracional acerca del prop\u00f3sito de la vida Paola Fonseca anuncia el lanzamiento de &#8216;Plumas por Correspondencia&#8217; COSTA RICA &#8211; Un tejido de experiencias de vida, personales y espirituales, la novela epistolar de&#8230; <a class=\"read-more\" href=\"https:\/\/penpalfeathers.com\/es\/\">Read More<\/a><\/p>\n","protected":false},"author":5,"featured_media":0,"parent":0,"menu_order":0,"comment_status":"closed","ping_status":"closed","template":"","meta":{"footnotes":""},"class_list":["post-24","page","type-page","status-publish","hentry"],"translation":{"provider":"WPGlobus","version":"3.0.2","language":"es","enabled_languages":["en","es"],"languages":{"en":{"title":true,"content":true,"excerpt":false},"es":{"title":true,"content":true,"excerpt":false}}},"aioseo_notices":[],"_links":{"self":[{"href":"https:\/\/penpalfeathers.com\/es\/wp-json\/wp\/v2\/pages\/24","targetHints":{"allow":["GET"]}}],"collection":[{"href":"https:\/\/penpalfeathers.com\/es\/wp-json\/wp\/v2\/pages"}],"about":[{"href":"https:\/\/penpalfeathers.com\/es\/wp-json\/wp\/v2\/types\/page"}],"author":[{"embeddable":true,"href":"https:\/\/penpalfeathers.com\/es\/wp-json\/wp\/v2\/users\/5"}],"replies":[{"embeddable":true,"href":"https:\/\/penpalfeathers.com\/es\/wp-json\/wp\/v2\/comments?post=24"}],"version-history":[{"count":27,"href":"https:\/\/penpalfeathers.com\/es\/wp-json\/wp\/v2\/pages\/24\/revisions"}],"predecessor-version":[{"id":597,"href":"https:\/\/penpalfeathers.com\/es\/wp-json\/wp\/v2\/pages\/24\/revisions\/597"}],"wp:attachment":[{"href":"https:\/\/penpalfeathers.com\/es\/wp-json\/wp\/v2\/media?parent=24"}],"curies":[{"name":"wp","href":"https:\/\/api.w.org\/{rel}","templated":true}]}}